{"id":6832,"date":"2023-04-27T19:52:12","date_gmt":"2023-04-27T17:52:12","guid":{"rendered":"https:\/\/bestvillasinsardinia.ch\/?page_id=6832"},"modified":"2023-05-29T19:05:55","modified_gmt":"2023-05-29T17:05:55","slug":"best-villas","status":"publish","type":"page","link":"http:\/\/bestvillasinsardinia.ch\/fr\/best-villas\/","title":{"rendered":"Best Villas"},"content":{"rendered":"<div data-elementor-type=\"wp-page\" data-elementor-id=\"6832\" class=\"elementor elementor-6832\" data-elementor-post-type=\"page\">\n\t\t\t\t\t\t<section class=\"elementor-section elementor-top-section elementor-element elementor-element-444a969 elementor-section-stretched elementor-section-boxed elementor-section-height-default elementor-section-height-default\" data-id=\"444a969\" data-element_type=\"section\" data-settings=\"{&quot;stretch_section&quot;:&quot;section-stretched&quot;,&quot;background_background&quot;:&quot;classic&quot;}\">\n\t\t\t\t\t\t\t<div class=\"elementor-background-overlay\"><\/div>\n\t\t\t\t\t\t\t<div class=\"elementor-container elementor-column-gap-default\">\n\t\t\t\t\t<div class=\"elementor-column elementor-col-100 elementor-top-column elementor-element elementor-element-1f49e32\" data-id=\"1f49e32\" data-element_type=\"column\">\n\t\t\t<div class=\"elementor-widget-wrap elementor-element-populated\">\n\t\t\t\t\t\t<div class=\"elementor-element elementor-element-39b3884 elementor-align-center elementor-widget elementor-widget-ube-heading\" data-id=\"39b3884\" data-element_type=\"widget\" data-widget_type=\"ube-heading.default\">\n\t\t\t\t<div class=\"elementor-widget-container\">\n\t\t\t<div class=\"ube-heading\">\n\t<h2 class=\"ube-heading-title\">Les meilleures villas en Sardaigne<\/h2><\/div>\t\t<\/div>\n\t\t\t\t<\/div>\n\t\t\t\t\t<\/div>\n\t\t<\/div>\n\t\t\t\t\t<\/div>\n\t\t<\/section>\n\t\t\t\t<section class=\"elementor-section elementor-top-section elementor-element elementor-element-ee7d911 elementor-section-boxed elementor-section-height-default elementor-section-height-default\" data-id=\"ee7d911\" data-element_type=\"section\" data-settings=\"{&quot;background_background&quot;:&quot;classic&quot;}\">\n\t\t\t\t\t\t<div class=\"elementor-container elementor-column-gap-no\">\n\t\t\t\t\t<div class=\"elementor-column elementor-col-100 elementor-top-column elementor-element elementor-element-7f06799\" data-id=\"7f06799\" data-element_type=\"column\">\n\t\t\t<div class=\"elementor-widget-wrap elementor-element-populated\">\n\t\t\t\t\t\t<section class=\"elementor-section elementor-inner-section elementor-element elementor-element-fea97ed elementor-section-boxed elementor-section-height-default elementor-section-height-default\" data-id=\"fea97ed\" data-element_type=\"section\">\n\t\t\t\t\t\t<div class=\"elementor-container elementor-column-gap-default\">\n\t\t\t\t\t<div class=\"elementor-column elementor-col-100 elementor-inner-column elementor-element elementor-element-cf06e49\" data-id=\"cf06e49\" data-element_type=\"column\">\n\t\t\t<div class=\"elementor-widget-wrap elementor-element-populated\">\n\t\t\t\t\t\t<div class=\"elementor-element elementor-element-122dca4 elementor-align-center elementor-widget elementor-widget-ube-heading\" data-id=\"122dca4\" data-element_type=\"widget\" data-widget_type=\"ube-heading.default\">\n\t\t\t\t<div class=\"elementor-widget-container\">\n\t\t\t<div class=\"ube-heading\">\n\t<h6 class=\"ube-heading-sub-title\" >Bienvenue dans les Best Villas in Sardinia !\n\n<\/h6><h2 class=\"ube-heading-title\">Bienvenue dans le monde de l'immobilier en Sardaigne !\n<\/h2><\/div>\t\t<\/div>\n\t\t\t\t<\/div>\n\t\t\t\t<div class=\"elementor-element elementor-element-dc0dc00 elementor-widget elementor-widget-text-editor\" data-id=\"dc0dc00\" data-element_type=\"widget\" data-widget_type=\"text-editor.default\">\n\t\t\t\t<div class=\"elementor-widget-container\">\n\t\t\t<style>\/*! elementor - v3.21.0 - 25-04-2024 *\/\n.elementor-widget-text-editor.elementor-drop-cap-view-stacked .elementor-drop-cap{background-color:#69727d;color:#fff}.elementor-widget-text-editor.elementor-drop-cap-view-framed .elementor-drop-cap{color:#69727d;border:3px solid;background-color:transparent}.elementor-widget-text-editor:not(.elementor-drop-cap-view-default) .elementor-drop-cap{margin-top:8px}.elementor-widget-text-editor:not(.elementor-drop-cap-view-default) .elementor-drop-cap-letter{width:1em;height:1em}.elementor-widget-text-editor .elementor-drop-cap{float:left;text-align:center;line-height:1;font-size:50px}.elementor-widget-text-editor .elementor-drop-cap-letter{display:inline-block}<\/style>\t\t\t\t<p style=\"text-align: left;\">Le nouveau d\u00e9veloppement immobilier est situ\u00e9 \u00e0 l'entr\u00e9e de la ville d'Isola Rossa, dans une position panoramique et strat\u00e9gique pour acc\u00e9der \u00e0 toutes les commodit\u00e9s de la r\u00e9gion ainsi qu'aux deux principales plages : la plage de Longa et la plage de La Marinedda.<\/p>\t\t\t\t\t\t<\/div>\n\t\t\t\t<\/div>\n\t\t\t\t\t<\/div>\n\t\t<\/div>\n\t\t\t\t\t<\/div>\n\t\t<\/section>\n\t\t\t\t\t<\/div>\n\t\t<\/div>\n\t\t\t\t\t<\/div>\n\t\t<\/section>\n\t\t\t\t<section class=\"elementor-section elementor-top-section elementor-element elementor-element-9ac822c elementor-section-boxed elementor-section-height-default elementor-section-height-default\" data-id=\"9ac822c\" data-element_type=\"section\" data-settings=\"{&quot;background_background&quot;:&quot;classic&quot;}\">\n\t\t\t\t\t\t<div class=\"elementor-container elementor-column-gap-default\">\n\t\t\t\t\t<div class=\"elementor-column elementor-col-100 elementor-top-column elementor-element elementor-element-d342ece\" data-id=\"d342ece\" data-element_type=\"column\">\n\t\t\t<div class=\"elementor-widget-wrap elementor-element-populated\">\n\t\t\t\t\t\t<div class=\"elementor-element elementor-element-c2e4831 elementor-align-center elementor-widget elementor-widget-ube-heading\" data-id=\"c2e4831\" data-element_type=\"widget\" data-widget_type=\"ube-heading.default\">\n\t\t\t\t<div class=\"elementor-widget-container\">\n\t\t\t<div class=\"ube-heading\">\n\t<h2 class=\"ube-heading-title\">Le Village de l'\u00cele\n<\/h2><\/div>\t\t<\/div>\n\t\t\t\t<\/div>\n\t\t\t\t<div class=\"elementor-element elementor-element-f1f95dc elementor-widget elementor-widget-text-editor\" data-id=\"f1f95dc\" data-element_type=\"widget\" data-widget_type=\"text-editor.default\">\n\t\t\t\t<div class=\"elementor-widget-container\">\n\t\t\t\t\t\t\t<div class=\"property-description\"><h4 style=\"text-align: left;\"><span style=\"color: #ffffff;\">Le Village de l'\u00cele<\/span><\/h4><p style=\"text-align: left;\"><span style=\"color: #ffffff;\">Le d\u00e9veloppement immobilier comprend la construction de b\u00e2timents d'un seul \u00e9tage avec des niveaux \u00e9chelonn\u00e9s pour s'adapter au terrain.<\/span><\/p><p style=\"text-align: left;\"><span style=\"color: #ffffff;\">Voici les diff\u00e9rents types de biens disponibles :<\/span><\/p><h4 style=\"text-align: left;\"><span style=\"color: #ffffff;\">Villa individuelle<\/span><\/h4><ul style=\"text-align: left;\"><li><span style=\"color: #ffffff;\">Espace de vie et salle \u00e0 manger avec cuisine<\/span><\/li><li><span style=\"color: #ffffff;\">2 ou 3 chambres \u00e0 coucher<\/span><\/li><li><span style=\"color: #ffffff;\">1 ou 2 salles de bains<\/span><\/li><li><span style=\"color: #ffffff;\">Hall d'entr\u00e9e, pi\u00e8ce de rangement<\/span><\/li><li><span style=\"color: #ffffff;\">V\u00e9randas, pergolas et piscine priv\u00e9e<\/span><\/li><\/ul><h4 style=\"text-align: left;\"><span style=\"color: #ffffff;\">Villas jumel\u00e9es ou triplex<\/span><\/h4><ul><li style=\"text-align: left;\"><span style=\"color: #ffffff;\">Compos\u00e9 d'un seul b\u00e2timent divis\u00e9 en deux ou trois villas s\u00e9par\u00e9es, chacune avec une ou deux chambres \u00e0 coucher.<\/span><\/li><\/ul><\/div>\t\t\t\t\t\t<\/div>\n\t\t\t\t<\/div>\n\t\t\t\t<div class=\"elementor-element elementor-element-efb504a position-relative  z-index-1 elementor-widget elementor-widget-ube-gallery-metro\" data-id=\"efb504a\" data-element_type=\"widget\" data-widget_type=\"ube-gallery-metro.default\">\n\t\t\t\t<div class=\"elementor-widget-container\">\n\t\t\t<div class=\"ube-gallery ube-gallery-metro ube-list-grid ube-gallery-caption-none\">\n\t\n            <div class=\"ube-grid-item gc-md-4 gc-8 gr-md-4 gr-8\">\n                <a class=\"card\" href=\"https:\/\/bestvillasinsardinia.ch\/wp-content\/uploads\/2023\/04\/Screenshot-2023-04-27-alle-20.11.18.png\"\n                   data-elementor-lightbox-slideshow=\"efb504a\">\n\t                <div class=\"card-img ube-gallery-ration-custom\" style=\"background-image: url(https:\/\/bestvillasinsardinia.ch\/wp-content\/uploads\/2023\/04\/Screenshot-2023-04-27-alle-20.11.18.png);--ube-gallery-ratio: 54.545454545455%;--ube-gallery-ratio-md: 54.545454545455%;--ube-gallery-ratio-sm: 54.545454545455%\"><\/div>\n                    <div class=\"card-img-overlay\">\n\t\t\t\t\t\t\t\t\t\t\t\t\n                    <\/div>\n                <\/a>\n            <\/div>\n\t\t\n            <div class=\"ube-grid-item gc-md-2 gc-4 gr-md-4 gr-8\">\n                <a class=\"card\" href=\"https:\/\/bestvillasinsardinia.ch\/wp-content\/uploads\/2023\/05\/Singola-1.jpg\"\n                   data-elementor-lightbox-slideshow=\"efb504a\">\n\t                <div class=\"card-img ube-gallery-ration-custom\" style=\"background-image: url(https:\/\/bestvillasinsardinia.ch\/wp-content\/uploads\/2023\/05\/Singola-1.jpg);--ube-gallery-ratio: 109.09090909091%;--ube-gallery-ratio-md: 109.09090909091%;--ube-gallery-ratio-sm: 54.545454545455%\"><\/div>\n                    <div class=\"card-img-overlay\">\n\t\t\t\t\t\t\t\t\t\t\t\t\n                    <\/div>\n                <\/a>\n            <\/div>\n\t\t\n            <div class=\"ube-grid-item gc-md-3 gc-6 gr-md-3 gr-7\">\n                <a class=\"card\" href=\"https:\/\/bestvillasinsardinia.ch\/wp-content\/uploads\/2023\/04\/Screenshot-2023-04-27-alle-20.12.12.png\"\n                   data-elementor-lightbox-slideshow=\"efb504a\">\n\t                <div class=\"card-img ube-gallery-ration-custom\" style=\"background-image: url(https:\/\/bestvillasinsardinia.ch\/wp-content\/uploads\/2023\/04\/Screenshot-2023-04-27-alle-20.12.12.png);--ube-gallery-ratio: 63.636363636364%;--ube-gallery-ratio-md: 54.545454545455%;--ube-gallery-ratio-sm: 54.545454545455%\"><\/div>\n                    <div class=\"card-img-overlay\">\n\t\t\t\t\t\t\t\t\t\t\t\t\n                    <\/div>\n                <\/a>\n            <\/div>\n\t\t\n            <div class=\"ube-grid-item ube-gallery-view-more gc-md-3 gc-6 gr-md-3 gr-7\">\n                <a class=\"card\" href=\"https:\/\/bestvillasinsardinia.ch\/wp-content\/uploads\/2023\/04\/immagine_2023-04-27_201406606.png\"\n                   data-elementor-lightbox-slideshow=\"efb504a\">\n\t                <div class=\"card-img ube-gallery-ration-custom\" style=\"background-image: url(https:\/\/bestvillasinsardinia.ch\/wp-content\/uploads\/2023\/04\/immagine_2023-04-27_201406606.png);--ube-gallery-ratio: 63.636363636364%;--ube-gallery-ratio-md: 54.545454545455%;--ube-gallery-ratio-sm: 54.545454545455%\"><\/div>\n                    <div class=\"card-img-overlay\">\n\t\t\t\t\t\t                            <div class=\"ube-view-more-wrap\">\n                                <p class=\"ube-number-gallery text-center\">\n                                    +3<\/p>\n                                <p class=\"ube-view-more-image text-center\">View More<\/p>\n                            <\/div>\n\t\t\t\t\t\t\t\t\t\t\t\t\n                    <\/div>\n                <\/a>\n            <\/div>\n\t\t            <a class=\"d-none\" href=\"https:\/\/bestvillasinsardinia.ch\/wp-content\/uploads\/2023\/04\/Screenshot-2023-04-27-alle-20.13.50.png\"\n               data-elementor-lightbox-slideshow=\"efb504a\">\n                <img decoding=\"async\" src=\"https:\/\/bestvillasinsardinia.ch\/wp-content\/uploads\/2023\/04\/Screenshot-2023-04-27-alle-20.13.50.png\" alt=\"\">\n            <\/a>\n\t\t            <a class=\"d-none\" href=\"https:\/\/bestvillasinsardinia.ch\/wp-content\/uploads\/2023\/05\/Singola-2.jpg\"\n               data-elementor-lightbox-slideshow=\"efb504a\">\n                <img decoding=\"async\" src=\"https:\/\/bestvillasinsardinia.ch\/wp-content\/uploads\/2023\/05\/Singola-2.jpg\" alt=\"\">\n            <\/a>\n\t\t            <a class=\"d-none\" href=\"https:\/\/bestvillasinsardinia.ch\/wp-content\/uploads\/2023\/05\/Singola-3.jpg\"\n               data-elementor-lightbox-slideshow=\"efb504a\">\n                <img decoding=\"async\" src=\"https:\/\/bestvillasinsardinia.ch\/wp-content\/uploads\/2023\/05\/Singola-3.jpg\" alt=\"\">\n            <\/a>\n\t\t<\/div>\n\t\t<\/div>\n\t\t\t\t<\/div>\n\t\t\t\t\t<\/div>\n\t\t<\/div>\n\t\t\t\t\t<\/div>\n\t\t<\/section>\n\t\t\t\t<section class=\"elementor-section elementor-top-section elementor-element elementor-element-71007a8 elementor-section-full_width elementor-section-height-default elementor-section-height-default\" data-id=\"71007a8\" data-element_type=\"section\">\n\t\t\t\t\t\t<div class=\"elementor-container elementor-column-gap-no\">\n\t\t\t\t\t<div class=\"elementor-column elementor-col-100 elementor-top-column elementor-element elementor-element-bb60fc7\" data-id=\"bb60fc7\" data-element_type=\"column\">\n\t\t\t<div class=\"elementor-widget-wrap elementor-element-populated\">\n\t\t\t\t\t\t<div class=\"elementor-element elementor-element-813dae9 elementor-widget elementor-widget-ube-google-map\" data-id=\"813dae9\" data-element_type=\"widget\" data-widget_type=\"ube-google-map.default\">\n\t\t\t\t<div class=\"elementor-widget-container\">\n\t\t\t<div class=\"ube-google-map\" id=\"ube-google-map-813dae9\" data-id=\"813dae9\" data-mapmarkers=\"[{&quot;latitude&quot;:&quot;40.723683&quot;,&quot;longitude&quot;:&quot;8.5650217&quot;,&quot;baloon_text&quot;:&quot;&quot;,&quot;icon&quot;:&quot;https:\\\/\\\/bestvillasinsardinia.ch\\\/wp-content\\\/uploads\\\/2021\\\/03\\\/google-market-02.png&quot;},{&quot;latitude&quot;:&quot;40.9374898&quot;,&quot;longitude&quot;:&quot; 9.4923033&quot;,&quot;baloon_text&quot;:&quot;&quot;,&quot;icon&quot;:&quot;https:\\\/\\\/bestvillasinsardinia.ch\\\/wp-content\\\/uploads\\\/2021\\\/03\\\/google-market-02.png&quot;},{&quot;latitude&quot;:&quot;40.8979817&quot;,&quot;longitude&quot;:&quot;9.1010896&quot;,&quot;baloon_text&quot;:&quot;&quot;,&quot;icon&quot;:&quot;https:\\\/\\\/bestvillasinsardinia.ch\\\/wp-content\\\/uploads\\\/2021\\\/03\\\/google-market-02.png&quot;}]\" data-mapoptions=\"{&quot;mapTypeId&quot;:&quot;roadmap&quot;,&quot;center&quot;:&quot;Oschiri Sardegna&quot;,&quot;mapTypeControl&quot;:true,&quot;zoomControl&quot;:true,&quot;zoom&quot;:9,&quot;streetViewControl&quot;:false,&quot;fullscreenControl&quot;:true,&quot;draggable&quot;:true,&quot;scaleControl&quot;:true}\" data-mapstyle=\"\" >&nbsp;<\/div>\t\t<\/div>\n\t\t\t\t<\/div>\n\t\t\t\t<section class=\"elementor-section elementor-inner-section elementor-element elementor-element-d57fcbd el-section-static elementor-section-boxed elementor-section-height-default elementor-section-height-default\" data-id=\"d57fcbd\" data-element_type=\"section\">\n\t\t\t\t\t\t<div class=\"elementor-container elementor-column-gap-default\">\n\t\t\t\t\t<div class=\"elementor-column elementor-col-100 elementor-inner-column elementor-element elementor-element-72f8e84\" data-id=\"72f8e84\" data-element_type=\"column\">\n\t\t\t<div class=\"elementor-widget-wrap elementor-element-populated\">\n\t\t\t\t\t\t<div class=\"elementor-element elementor-element-157bdd6 el-text-on-map-02 elementor-widget elementor-widget-text-editor\" data-id=\"157bdd6\" data-element_type=\"widget\" data-widget_type=\"text-editor.default\">\n\t\t\t\t<div class=\"elementor-widget-container\">\n\t\t\t\t\t\t\t<h4>Si\u00e8ge social<\/h4><p>Olbia &#8211; Via Veronese 95<br \/>Sassari &#8211; Via Mazzini 15<br \/>Tempio Pausania \u2013 Via Angioy 15\/A<\/p><h5>Contact:<\/h5><p class=\"mb-0\">Cell. <strong><a href=\"tel: 39 351 8484565\">+39 351 8484565<\/a><br \/><\/strong>Tel.<strong> <a href=\"tel: 390794805359\">+39 079 480 5359<\/a><br \/><\/strong><\/p>\t\t\t\t\t\t<\/div>\n\t\t\t\t<\/div>\n\t\t\t\t\t<\/div>\n\t\t<\/div>\n\t\t\t\t\t<\/div>\n\t\t<\/section>\n\t\t\t\t\t<\/div>\n\t\t<\/div>\n\t\t\t\t\t<\/div>\n\t\t<\/section>\n\t\t\t\t<\/div>","protected":false},"excerpt":{"rendered":"<p>Best Villas in Sardinia Welcome to Best Villas in Sardinia! Welcome to the world of real estate in Sardinia! The new real estate development is located at the entrance of the town of Isola Rossa, in a panoramic and strategic position for access to all the amenities of the area as well as the two [&hellip;]<\/p>","protected":false},"author":1,"featured_media":0,"parent":0,"menu_order":0,"comment_status":"closed","ping_status":"closed","template":"elementor_header_footer","meta":{"footnotes":""},"class_list":["post-6832","page","type-page","status-publish","hentry"],"_links":{"self":[{"href":"http:\/\/bestvillasinsardinia.ch\/fr\/wp-json\/wp\/v2\/pages\/6832","targetHints":{"allow":["GET"]}}],"collection":[{"href":"http:\/\/bestvillasinsardinia.ch\/fr\/wp-json\/wp\/v2\/pages"}],"about":[{"href":"http:\/\/bestvillasinsardinia.ch\/fr\/wp-json\/wp\/v2\/types\/page"}],"author":[{"embeddable":true,"href":"http:\/\/bestvillasinsardinia.ch\/fr\/wp-json\/wp\/v2\/users\/1"}],"replies":[{"embeddable":true,"href":"http:\/\/bestvillasinsardinia.ch\/fr\/wp-json\/wp\/v2\/comments?post=6832"}],"version-history":[{"count":37,"href":"http:\/\/bestvillasinsardinia.ch\/fr\/wp-json\/wp\/v2\/pages\/6832\/revisions"}],"predecessor-version":[{"id":7178,"href":"http:\/\/bestvillasinsardinia.ch\/fr\/wp-json\/wp\/v2\/pages\/6832\/revisions\/7178"}],"wp:attachment":[{"href":"http:\/\/bestvillasinsardinia.ch\/fr\/wp-json\/wp\/v2\/media?parent=6832"}],"curies":[{"name":"wp","href":"https:\/\/api.w.org\/{rel}","templated":true}]}}