{"id":6706,"date":"2023-04-08T21:10:05","date_gmt":"2023-04-08T19:10:05","guid":{"rendered":"https:\/\/bestvillasinsardinia.ch\/?page_id=6706"},"modified":"2023-05-29T19:04:54","modified_gmt":"2023-05-29T17:04:54","slug":"isola-rossa","status":"publish","type":"page","link":"http:\/\/bestvillasinsardinia.ch\/fr\/isola-rossa\/","title":{"rendered":"Isola Rossa"},"content":{"rendered":"<div data-elementor-type=\"wp-page\" data-elementor-id=\"6706\" class=\"elementor elementor-6706\" data-elementor-post-type=\"page\">\n\t\t\t\t\t\t<section class=\"elementor-section elementor-top-section elementor-element elementor-element-444a969 elementor-section-stretched elementor-section-boxed elementor-section-height-default elementor-section-height-default\" data-id=\"444a969\" data-element_type=\"section\" data-settings=\"{&quot;stretch_section&quot;:&quot;section-stretched&quot;,&quot;background_background&quot;:&quot;classic&quot;}\">\n\t\t\t\t\t\t\t<div class=\"elementor-background-overlay\"><\/div>\n\t\t\t\t\t\t\t<div class=\"elementor-container elementor-column-gap-default\">\n\t\t\t\t\t<div class=\"elementor-column elementor-col-100 elementor-top-column elementor-element elementor-element-1f49e32\" data-id=\"1f49e32\" data-element_type=\"column\">\n\t\t\t<div class=\"elementor-widget-wrap elementor-element-populated\">\n\t\t\t\t\t\t<div class=\"elementor-element elementor-element-39b3884 elementor-align-center elementor-widget elementor-widget-ube-heading\" data-id=\"39b3884\" data-element_type=\"widget\" data-widget_type=\"ube-heading.default\">\n\t\t\t\t<div class=\"elementor-widget-container\">\n\t\t\t<div class=\"ube-heading\">\n\t<h2 class=\"ube-heading-title\">Isola Rossa<\/h2><\/div>\t\t<\/div>\n\t\t\t\t<\/div>\n\t\t\t\t\t<\/div>\n\t\t<\/div>\n\t\t\t\t\t<\/div>\n\t\t<\/section>\n\t\t\t\t<section class=\"elementor-section elementor-top-section elementor-element elementor-element-9ac822c elementor-section-boxed elementor-section-height-default elementor-section-height-default\" data-id=\"9ac822c\" data-element_type=\"section\" data-settings=\"{&quot;background_background&quot;:&quot;classic&quot;}\">\n\t\t\t\t\t\t<div class=\"elementor-container elementor-column-gap-default\">\n\t\t\t\t\t<div class=\"elementor-column elementor-col-100 elementor-top-column elementor-element elementor-element-d342ece\" data-id=\"d342ece\" data-element_type=\"column\">\n\t\t\t<div class=\"elementor-widget-wrap elementor-element-populated\">\n\t\t\t\t\t\t<div class=\"elementor-element elementor-element-c2e4831 elementor-align-center elementor-widget elementor-widget-ube-heading\" data-id=\"c2e4831\" data-element_type=\"widget\" data-widget_type=\"ube-heading.default\">\n\t\t\t\t<div class=\"elementor-widget-container\">\n\t\t\t<div class=\"ube-heading\">\n\t<h2 class=\"ube-heading-title\">Villas de luxe en construction \u00e0 Isola Rossa<\/h2><\/div>\t\t<\/div>\n\t\t\t\t<\/div>\n\t\t\t\t<div class=\"elementor-element elementor-element-f1f95dc elementor-widget elementor-widget-text-editor\" data-id=\"f1f95dc\" data-element_type=\"widget\" data-widget_type=\"text-editor.default\">\n\t\t\t\t<div class=\"elementor-widget-container\">\n\t\t\t<style>\/*! elementor - v3.21.0 - 25-04-2024 *\/\n.elementor-widget-text-editor.elementor-drop-cap-view-stacked .elementor-drop-cap{background-color:#69727d;color:#fff}.elementor-widget-text-editor.elementor-drop-cap-view-framed .elementor-drop-cap{color:#69727d;border:3px solid;background-color:transparent}.elementor-widget-text-editor:not(.elementor-drop-cap-view-default) .elementor-drop-cap{margin-top:8px}.elementor-widget-text-editor:not(.elementor-drop-cap-view-default) .elementor-drop-cap-letter{width:1em;height:1em}.elementor-widget-text-editor .elementor-drop-cap{float:left;text-align:center;line-height:1;font-size:50px}.elementor-widget-text-editor .elementor-drop-cap-letter{display:inline-block}<\/style>\t\t\t\t<p style=\"text-align: left;\">Bienvenue dans le monde des biens immobiliers \u00e0 Isola Rossa, en Sardaigne ! Nous sommes ravis de vous pr\u00e9senter nos villas en construction, disponibles \u00e0 l'achat dans ce magnifique lieu c\u00f4tier. Nos villas ont \u00e9t\u00e9 con\u00e7ues pour r\u00e9pondre aux besoins de ceux qui recherchent un confort optimal et une qualit\u00e9 de vie sup\u00e9rieure dans un cadre extraordinaire. Situ\u00e9es dans une zone panoramique avec vue sur la mer, ces villas offrent une vue imprenable sur le golfe de l'Asinara et la c\u00f4te nord de la Sardaigne.<\/p><p style=\"text-align: left;\">Chaque villa a \u00e9t\u00e9 m\u00e9ticuleusement con\u00e7ue, en accordant une grande attention aux d\u00e9tails et en utilisant des mat\u00e9riaux de haute qualit\u00e9 et des finitions exquises pour garantir une exp\u00e9rience de vie exceptionnelle. Les villas offrent des espaces int\u00e9rieurs et ext\u00e9rieurs spacieux, comprenant des jardins et des piscines priv\u00e9s, id\u00e9aux pour profiter de la beaut\u00e9 naturelle de l'\u00eele en toute intimit\u00e9.<\/p><p style=\"text-align: left;\">Les villas sont actuellement en construction, ce qui signifie que vous avez l'opportunit\u00e9 de personnaliser votre maison en choisissant les finitions, les mat\u00e9riaux et les d\u00e9tails selon vos go\u00fbts et vos besoins. Isola Rossa est l'une des destinations les plus c\u00e9l\u00e8bres de Sardaigne, renomm\u00e9e pour ses plages de sable blanc, ses eaux cristallines et ses paysages naturels \u00e0 couper le souffle. Gr\u00e2ce \u00e0 leur emplacement privil\u00e9gi\u00e9, nos villas offrent une occasion unique de vivre dans un environnement d'une grande beaut\u00e9 naturelle, avec tout le confort et les commodit\u00e9s \u00e0 port\u00e9e de main.<\/p><p style=\"text-align: left;\">Ne manquez pas l'occasion d'acqu\u00e9rir une villa en Sardaigne. Contactez-nous pour plus d'informations sur nos villas en construction \u00e0 Isola Rossa et pour organiser une visite sur place. Nous sommes \u00e0 votre disposition pour vous guider dans le choix de votre maison id\u00e9ale en Sardaigne.<\/p>\t\t\t\t\t\t<\/div>\n\t\t\t\t<\/div>\n\t\t\t\t<div class=\"elementor-element elementor-element-efb504a position-relative  z-index-1 elementor-widget elementor-widget-ube-gallery-metro\" data-id=\"efb504a\" data-element_type=\"widget\" data-widget_type=\"ube-gallery-metro.default\">\n\t\t\t\t<div class=\"elementor-widget-container\">\n\t\t\t<div class=\"ube-gallery ube-gallery-metro ube-list-grid ube-gallery-caption-none\">\n\t\n            <div class=\"ube-grid-item gc-md-4 gc-8 gr-md-4 gr-8\">\n                <a class=\"card\" href=\"https:\/\/bestvillasinsardinia.ch\/wp-content\/uploads\/2023\/05\/9.jpg\"\n                   data-elementor-lightbox-slideshow=\"efb504a\">\n\t                <div class=\"card-img ube-gallery-ration-custom\" style=\"background-image: url(https:\/\/bestvillasinsardinia.ch\/wp-content\/uploads\/2023\/05\/9.jpg);--ube-gallery-ratio: 54.545454545455%;--ube-gallery-ratio-md: 54.545454545455%;--ube-gallery-ratio-sm: 54.545454545455%\"><\/div>\n                    <div class=\"card-img-overlay\">\n\t\t\t\t\t\t\t\t\t\t\t\t\n                    <\/div>\n                <\/a>\n            <\/div>\n\t\t\n            <div class=\"ube-grid-item gc-md-2 gc-4 gr-md-4 gr-8\">\n                <a class=\"card\" href=\"https:\/\/bestvillasinsardinia.ch\/wp-content\/uploads\/2023\/05\/11.jpg\"\n                   data-elementor-lightbox-slideshow=\"efb504a\">\n\t                <div class=\"card-img ube-gallery-ration-custom\" style=\"background-image: url(https:\/\/bestvillasinsardinia.ch\/wp-content\/uploads\/2023\/05\/11.jpg);--ube-gallery-ratio: 109.09090909091%;--ube-gallery-ratio-md: 109.09090909091%;--ube-gallery-ratio-sm: 54.545454545455%\"><\/div>\n                    <div class=\"card-img-overlay\">\n\t\t\t\t\t\t\t\t\t\t\t\t\n                    <\/div>\n                <\/a>\n            <\/div>\n\t\t\n            <div class=\"ube-grid-item gc-md-3 gc-6 gr-md-3 gr-7\">\n                <a class=\"card\" href=\"https:\/\/bestvillasinsardinia.ch\/wp-content\/uploads\/2023\/04\/Isola-Rossa-5-scaled.jpg\"\n                   data-elementor-lightbox-slideshow=\"efb504a\">\n\t                <div class=\"card-img ube-gallery-ration-custom\" style=\"background-image: url(https:\/\/bestvillasinsardinia.ch\/wp-content\/uploads\/2023\/04\/Isola-Rossa-5-scaled.jpg);--ube-gallery-ratio: 63.636363636364%;--ube-gallery-ratio-md: 54.545454545455%;--ube-gallery-ratio-sm: 54.545454545455%\"><\/div>\n                    <div class=\"card-img-overlay\">\n\t\t\t\t\t\t\t\t\t\t\t\t\n                    <\/div>\n                <\/a>\n            <\/div>\n\t\t\n            <div class=\"ube-grid-item ube-gallery-view-more gc-md-3 gc-6 gr-md-3 gr-7\">\n                <a class=\"card\" href=\"https:\/\/bestvillasinsardinia.ch\/wp-content\/uploads\/2023\/05\/12.jpg\"\n                   data-elementor-lightbox-slideshow=\"efb504a\">\n\t                <div class=\"card-img ube-gallery-ration-custom\" style=\"background-image: url(https:\/\/bestvillasinsardinia.ch\/wp-content\/uploads\/2023\/05\/12.jpg);--ube-gallery-ratio: 63.636363636364%;--ube-gallery-ratio-md: 54.545454545455%;--ube-gallery-ratio-sm: 54.545454545455%\"><\/div>\n                    <div class=\"card-img-overlay\">\n\t\t\t\t\t\t                            <div class=\"ube-view-more-wrap\">\n                                <p class=\"ube-number-gallery text-center\">\n                                    +21<\/p>\n                                <p class=\"ube-view-more-image text-center\">View More<\/p>\n                            <\/div>\n\t\t\t\t\t\t\t\t\t\t\t\t\n                    <\/div>\n                <\/a>\n            <\/div>\n\t\t            <a class=\"d-none\" href=\"https:\/\/bestvillasinsardinia.ch\/wp-content\/uploads\/2023\/04\/Isola-Rossa-7-1-scaled.jpg\"\n               data-elementor-lightbox-slideshow=\"efb504a\">\n                <img decoding=\"async\" src=\"https:\/\/bestvillasinsardinia.ch\/wp-content\/uploads\/2023\/04\/Isola-Rossa-7-1-scaled.jpg\" alt=\"\">\n            <\/a>\n\t\t            <a class=\"d-none\" href=\"https:\/\/bestvillasinsardinia.ch\/wp-content\/uploads\/2023\/04\/Isola-Rossa-9-scaled.jpg\"\n               data-elementor-lightbox-slideshow=\"efb504a\">\n                <img decoding=\"async\" src=\"https:\/\/bestvillasinsardinia.ch\/wp-content\/uploads\/2023\/04\/Isola-Rossa-9-scaled.jpg\" alt=\"\">\n            <\/a>\n\t\t            <a class=\"d-none\" href=\"https:\/\/bestvillasinsardinia.ch\/wp-content\/uploads\/2023\/04\/Isola-Rossa-10-scaled.jpg\"\n               data-elementor-lightbox-slideshow=\"efb504a\">\n                <img decoding=\"async\" src=\"https:\/\/bestvillasinsardinia.ch\/wp-content\/uploads\/2023\/04\/Isola-Rossa-10-scaled.jpg\" alt=\"\">\n            <\/a>\n\t\t            <a class=\"d-none\" href=\"https:\/\/bestvillasinsardinia.ch\/wp-content\/uploads\/2023\/05\/7.jpg\"\n               data-elementor-lightbox-slideshow=\"efb504a\">\n                <img decoding=\"async\" src=\"https:\/\/bestvillasinsardinia.ch\/wp-content\/uploads\/2023\/05\/7.jpg\" alt=\"\">\n            <\/a>\n\t\t            <a class=\"d-none\" href=\"https:\/\/bestvillasinsardinia.ch\/wp-content\/uploads\/2023\/05\/3-1.jpg\"\n               data-elementor-lightbox-slideshow=\"efb504a\">\n                <img decoding=\"async\" src=\"https:\/\/bestvillasinsardinia.ch\/wp-content\/uploads\/2023\/05\/3-1.jpg\" alt=\"\">\n            <\/a>\n\t\t            <a class=\"d-none\" href=\"https:\/\/bestvillasinsardinia.ch\/wp-content\/uploads\/2023\/05\/4-1.jpg\"\n               data-elementor-lightbox-slideshow=\"efb504a\">\n                <img decoding=\"async\" src=\"https:\/\/bestvillasinsardinia.ch\/wp-content\/uploads\/2023\/05\/4-1.jpg\" alt=\"\">\n            <\/a>\n\t\t            <a class=\"d-none\" href=\"https:\/\/bestvillasinsardinia.ch\/wp-content\/uploads\/2023\/05\/5-1.jpg\"\n               data-elementor-lightbox-slideshow=\"efb504a\">\n                <img decoding=\"async\" src=\"https:\/\/bestvillasinsardinia.ch\/wp-content\/uploads\/2023\/05\/5-1.jpg\" alt=\"\">\n            <\/a>\n\t\t            <a class=\"d-none\" href=\"https:\/\/bestvillasinsardinia.ch\/wp-content\/uploads\/2023\/05\/6.jpg\"\n               data-elementor-lightbox-slideshow=\"efb504a\">\n                <img decoding=\"async\" src=\"https:\/\/bestvillasinsardinia.ch\/wp-content\/uploads\/2023\/05\/6.jpg\" alt=\"\">\n            <\/a>\n\t\t            <a class=\"d-none\" href=\"https:\/\/bestvillasinsardinia.ch\/wp-content\/uploads\/2023\/05\/8.jpg\"\n               data-elementor-lightbox-slideshow=\"efb504a\">\n                <img decoding=\"async\" src=\"https:\/\/bestvillasinsardinia.ch\/wp-content\/uploads\/2023\/05\/8.jpg\" alt=\"\">\n            <\/a>\n\t\t            <a class=\"d-none\" href=\"https:\/\/bestvillasinsardinia.ch\/wp-content\/uploads\/2023\/05\/10.jpg\"\n               data-elementor-lightbox-slideshow=\"efb504a\">\n                <img decoding=\"async\" src=\"https:\/\/bestvillasinsardinia.ch\/wp-content\/uploads\/2023\/05\/10.jpg\" alt=\"\">\n            <\/a>\n\t\t            <a class=\"d-none\" href=\"https:\/\/bestvillasinsardinia.ch\/wp-content\/uploads\/2023\/04\/Isola-Rossa-3-scaled.jpg\"\n               data-elementor-lightbox-slideshow=\"efb504a\">\n                <img decoding=\"async\" src=\"https:\/\/bestvillasinsardinia.ch\/wp-content\/uploads\/2023\/04\/Isola-Rossa-3-scaled.jpg\" alt=\"\">\n            <\/a>\n\t\t            <a class=\"d-none\" href=\"https:\/\/bestvillasinsardinia.ch\/wp-content\/uploads\/2023\/05\/15.jpg\"\n               data-elementor-lightbox-slideshow=\"efb504a\">\n                <img decoding=\"async\" src=\"https:\/\/bestvillasinsardinia.ch\/wp-content\/uploads\/2023\/05\/15.jpg\" alt=\"\">\n            <\/a>\n\t\t            <a class=\"d-none\" href=\"https:\/\/bestvillasinsardinia.ch\/wp-content\/uploads\/2023\/05\/16.jpg\"\n               data-elementor-lightbox-slideshow=\"efb504a\">\n                <img decoding=\"async\" src=\"https:\/\/bestvillasinsardinia.ch\/wp-content\/uploads\/2023\/05\/16.jpg\" alt=\"\">\n            <\/a>\n\t\t            <a class=\"d-none\" href=\"https:\/\/bestvillasinsardinia.ch\/wp-content\/uploads\/2023\/05\/17.jpg\"\n               data-elementor-lightbox-slideshow=\"efb504a\">\n                <img decoding=\"async\" src=\"https:\/\/bestvillasinsardinia.ch\/wp-content\/uploads\/2023\/05\/17.jpg\" alt=\"\">\n            <\/a>\n\t\t            <a class=\"d-none\" href=\"https:\/\/bestvillasinsardinia.ch\/wp-content\/uploads\/2023\/05\/18.jpg\"\n               data-elementor-lightbox-slideshow=\"efb504a\">\n                <img decoding=\"async\" src=\"https:\/\/bestvillasinsardinia.ch\/wp-content\/uploads\/2023\/05\/18.jpg\" alt=\"\">\n            <\/a>\n\t\t            <a class=\"d-none\" href=\"https:\/\/bestvillasinsardinia.ch\/wp-content\/uploads\/2023\/05\/19.jpg\"\n               data-elementor-lightbox-slideshow=\"efb504a\">\n                <img decoding=\"async\" src=\"https:\/\/bestvillasinsardinia.ch\/wp-content\/uploads\/2023\/05\/19.jpg\" alt=\"\">\n            <\/a>\n\t\t            <a class=\"d-none\" href=\"https:\/\/bestvillasinsardinia.ch\/wp-content\/uploads\/2023\/05\/20.jpg\"\n               data-elementor-lightbox-slideshow=\"efb504a\">\n                <img decoding=\"async\" src=\"https:\/\/bestvillasinsardinia.ch\/wp-content\/uploads\/2023\/05\/20.jpg\" alt=\"\">\n            <\/a>\n\t\t            <a class=\"d-none\" href=\"https:\/\/bestvillasinsardinia.ch\/wp-content\/uploads\/2023\/05\/21.jpg\"\n               data-elementor-lightbox-slideshow=\"efb504a\">\n                <img decoding=\"async\" src=\"https:\/\/bestvillasinsardinia.ch\/wp-content\/uploads\/2023\/05\/21.jpg\" alt=\"\">\n            <\/a>\n\t\t            <a class=\"d-none\" href=\"https:\/\/bestvillasinsardinia.ch\/wp-content\/uploads\/2023\/05\/23.jpg\"\n               data-elementor-lightbox-slideshow=\"efb504a\">\n                <img decoding=\"async\" src=\"https:\/\/bestvillasinsardinia.ch\/wp-content\/uploads\/2023\/05\/23.jpg\" alt=\"\">\n            <\/a>\n\t\t            <a class=\"d-none\" href=\"https:\/\/bestvillasinsardinia.ch\/wp-content\/uploads\/2023\/05\/24.jpg\"\n               data-elementor-lightbox-slideshow=\"efb504a\">\n                <img decoding=\"async\" src=\"https:\/\/bestvillasinsardinia.ch\/wp-content\/uploads\/2023\/05\/24.jpg\" alt=\"\">\n            <\/a>\n\t\t            <a class=\"d-none\" href=\"https:\/\/bestvillasinsardinia.ch\/wp-content\/uploads\/2023\/05\/26.jpg\"\n               data-elementor-lightbox-slideshow=\"efb504a\">\n                <img decoding=\"async\" src=\"https:\/\/bestvillasinsardinia.ch\/wp-content\/uploads\/2023\/05\/26.jpg\" alt=\"\">\n            <\/a>\n\t\t<\/div>\n\t\t<\/div>\n\t\t\t\t<\/div>\n\t\t\t\t\t<\/div>\n\t\t<\/div>\n\t\t\t\t\t<\/div>\n\t\t<\/section>\n\t\t\t\t<section class=\"elementor-section elementor-top-section elementor-element elementor-element-47793da elementor-section-stretched elementor-section-boxed elementor-section-height-default elementor-section-height-default\" data-id=\"47793da\" data-element_type=\"section\" data-settings=\"{&quot;stretch_section&quot;:&quot;section-stretched&quot;,&quot;background_background&quot;:&quot;classic&quot;}\">\n\t\t\t\t\t\t<div class=\"elementor-container elementor-column-gap-default\">\n\t\t\t\t\t<div class=\"elementor-column elementor-col-100 elementor-top-column elementor-element elementor-element-9e3c985\" data-id=\"9e3c985\" data-element_type=\"column\">\n\t\t\t<div class=\"elementor-widget-wrap\">\n\t\t\t\t\t\t\t<\/div>\n\t\t<\/div>\n\t\t\t\t\t<\/div>\n\t\t<\/section>\n\t\t\t\t<section class=\"elementor-section elementor-top-section elementor-element elementor-element-5333aa7 elementor-section-full_width elementor-section-height-default elementor-section-height-default\" data-id=\"5333aa7\" data-element_type=\"section\">\n\t\t\t\t\t\t<div class=\"elementor-container elementor-column-gap-no\">\n\t\t\t\t\t<div class=\"elementor-column elementor-col-100 elementor-top-column elementor-element elementor-element-6ead4e3\" data-id=\"6ead4e3\" data-element_type=\"column\">\n\t\t\t<div class=\"elementor-widget-wrap elementor-element-populated\">\n\t\t\t\t\t\t<div class=\"elementor-element elementor-element-574ab4d elementor-widget elementor-widget-ube-google-map\" data-id=\"574ab4d\" data-element_type=\"widget\" data-widget_type=\"ube-google-map.default\">\n\t\t\t\t<div class=\"elementor-widget-container\">\n\t\t\t<div class=\"ube-google-map\" id=\"ube-google-map-574ab4d\" data-id=\"574ab4d\" data-mapmarkers=\"[{&quot;latitude&quot;:&quot;40.723683&quot;,&quot;longitude&quot;:&quot;8.5650217&quot;,&quot;baloon_text&quot;:&quot;&quot;,&quot;icon&quot;:&quot;https:\\\/\\\/bestvillasinsardinia.ch\\\/wp-content\\\/uploads\\\/2021\\\/03\\\/google-market-02.png&quot;},{&quot;latitude&quot;:&quot;40.9374898&quot;,&quot;longitude&quot;:&quot; 9.4923033&quot;,&quot;baloon_text&quot;:&quot;&quot;,&quot;icon&quot;:&quot;https:\\\/\\\/bestvillasinsardinia.ch\\\/wp-content\\\/uploads\\\/2021\\\/03\\\/google-market-02.png&quot;},{&quot;latitude&quot;:&quot;40.8979817&quot;,&quot;longitude&quot;:&quot;9.1010896&quot;,&quot;baloon_text&quot;:&quot;&quot;,&quot;icon&quot;:&quot;https:\\\/\\\/bestvillasinsardinia.ch\\\/wp-content\\\/uploads\\\/2021\\\/03\\\/google-market-02.png&quot;}]\" data-mapoptions=\"{&quot;mapTypeId&quot;:&quot;roadmap&quot;,&quot;center&quot;:&quot;Oschiri Sardegna&quot;,&quot;mapTypeControl&quot;:true,&quot;zoomControl&quot;:true,&quot;zoom&quot;:9,&quot;streetViewControl&quot;:false,&quot;fullscreenControl&quot;:true,&quot;draggable&quot;:true,&quot;scaleControl&quot;:true}\" data-mapstyle=\"\" >&nbsp;<\/div>\t\t<\/div>\n\t\t\t\t<\/div>\n\t\t\t\t<section class=\"elementor-section elementor-inner-section elementor-element elementor-element-6e9ae6a el-section-static elementor-section-boxed elementor-section-height-default elementor-section-height-default\" data-id=\"6e9ae6a\" data-element_type=\"section\">\n\t\t\t\t\t\t<div class=\"elementor-container elementor-column-gap-default\">\n\t\t\t\t\t<div class=\"elementor-column elementor-col-100 elementor-inner-column elementor-element elementor-element-7c213e8\" data-id=\"7c213e8\" data-element_type=\"column\">\n\t\t\t<div class=\"elementor-widget-wrap elementor-element-populated\">\n\t\t\t\t\t\t<div class=\"elementor-element elementor-element-e2c3dfe el-text-on-map-02 elementor-widget elementor-widget-text-editor\" data-id=\"e2c3dfe\" data-element_type=\"widget\" data-widget_type=\"text-editor.default\">\n\t\t\t\t<div class=\"elementor-widget-container\">\n\t\t\t\t\t\t\t<h4>Si\u00e8ge social<\/h4><p>Olbia &#8211; Via Veronese 95<br \/>Sassari &#8211; Via Mazzini 15<br \/>Tempio Pausania \u2013 Via Angioy 15\/A<\/p><h5>Contact:<\/h5><p class=\"mb-0\">Cell. <strong><a href=\"tel: 39 351 8484565\">+39 351 8484565<\/a><br \/><\/strong>Tel.<strong> <a href=\"tel: 390794805359\">+39 079 480 5359<\/a><br \/><\/strong><\/p>\t\t\t\t\t\t<\/div>\n\t\t\t\t<\/div>\n\t\t\t\t\t<\/div>\n\t\t<\/div>\n\t\t\t\t\t<\/div>\n\t\t<\/section>\n\t\t\t\t\t<\/div>\n\t\t<\/div>\n\t\t\t\t\t<\/div>\n\t\t<\/section>\n\t\t\t\t<\/div>","protected":false},"excerpt":{"rendered":"<p>Isola Rossa Luxury villas under construction in Isola Rossa Welcome to the world of real estate properties in Isola Rossa, Sardinia! We are delighted to present to you our villas under construction, available for purchase in this beautiful coastal location. Our villas have been designed to meet the needs of those seeking the utmost comfort [&hellip;]<\/p>","protected":false},"author":1,"featured_media":0,"parent":0,"menu_order":0,"comment_status":"closed","ping_status":"closed","template":"elementor_header_footer","meta":{"footnotes":""},"class_list":["post-6706","page","type-page","status-publish","hentry"],"_links":{"self":[{"href":"http:\/\/bestvillasinsardinia.ch\/fr\/wp-json\/wp\/v2\/pages\/6706","targetHints":{"allow":["GET"]}}],"collection":[{"href":"http:\/\/bestvillasinsardinia.ch\/fr\/wp-json\/wp\/v2\/pages"}],"about":[{"href":"http:\/\/bestvillasinsardinia.ch\/fr\/wp-json\/wp\/v2\/types\/page"}],"author":[{"embeddable":true,"href":"http:\/\/bestvillasinsardinia.ch\/fr\/wp-json\/wp\/v2\/users\/1"}],"replies":[{"embeddable":true,"href":"http:\/\/bestvillasinsardinia.ch\/fr\/wp-json\/wp\/v2\/comments?post=6706"}],"version-history":[{"count":34,"href":"http:\/\/bestvillasinsardinia.ch\/fr\/wp-json\/wp\/v2\/pages\/6706\/revisions"}],"predecessor-version":[{"id":7175,"href":"http:\/\/bestvillasinsardinia.ch\/fr\/wp-json\/wp\/v2\/pages\/6706\/revisions\/7175"}],"wp:attachment":[{"href":"http:\/\/bestvillasinsardinia.ch\/fr\/wp-json\/wp\/v2\/media?parent=6706"}],"curies":[{"name":"wp","href":"https:\/\/api.w.org\/{rel}","templated":true}]}}