{"id":3615,"date":"2020-11-07T09:22:51","date_gmt":"2020-11-07T09:22:51","guid":{"rendered":"https:\/\/bestvillasinsardinia.ch\/?page_id=3615"},"modified":"2023-05-29T19:04:35","modified_gmt":"2023-05-29T17:04:35","slug":"about-me","status":"publish","type":"page","link":"http:\/\/bestvillasinsardinia.ch\/fr\/about-me\/","title":{"rendered":"\u00c0 propos de moi"},"content":{"rendered":"<div data-elementor-type=\"wp-page\" data-elementor-id=\"3615\" class=\"elementor elementor-3615\" data-elementor-post-type=\"page\">\n\t\t\t\t\t\t<section class=\"elementor-section elementor-top-section elementor-element elementor-element-444a969 elementor-section-stretched elementor-section-boxed elementor-section-height-default elementor-section-height-default\" data-id=\"444a969\" data-element_type=\"section\" data-settings=\"{&quot;stretch_section&quot;:&quot;section-stretched&quot;,&quot;background_background&quot;:&quot;classic&quot;}\">\n\t\t\t\t\t\t\t<div class=\"elementor-background-overlay\"><\/div>\n\t\t\t\t\t\t\t<div class=\"elementor-container elementor-column-gap-default\">\n\t\t\t\t\t<div class=\"elementor-column elementor-col-100 elementor-top-column elementor-element elementor-element-1f49e32\" data-id=\"1f49e32\" data-element_type=\"column\">\n\t\t\t<div class=\"elementor-widget-wrap elementor-element-populated\">\n\t\t\t\t\t\t<div class=\"elementor-element elementor-element-39b3884 elementor-align-center elementor-widget elementor-widget-ube-heading\" data-id=\"39b3884\" data-element_type=\"widget\" data-widget_type=\"ube-heading.default\">\n\t\t\t\t<div class=\"elementor-widget-container\">\n\t\t\t<div class=\"ube-heading\">\n\t<h2 class=\"ube-heading-title\">\u00c0 propos de moi<\/h2><\/div>\t\t<\/div>\n\t\t\t\t<\/div>\n\t\t\t\t\t<\/div>\n\t\t<\/div>\n\t\t\t\t\t<\/div>\n\t\t<\/section>\n\t\t\t\t<section class=\"elementor-section elementor-top-section elementor-element elementor-element-ee7d911 elementor-section-boxed elementor-section-height-default elementor-section-height-default\" data-id=\"ee7d911\" data-element_type=\"section\" data-settings=\"{&quot;background_background&quot;:&quot;classic&quot;}\">\n\t\t\t\t\t\t<div class=\"elementor-container elementor-column-gap-no\">\n\t\t\t\t\t<div class=\"elementor-column elementor-col-100 elementor-top-column elementor-element elementor-element-7f06799\" data-id=\"7f06799\" data-element_type=\"column\">\n\t\t\t<div class=\"elementor-widget-wrap elementor-element-populated\">\n\t\t\t\t\t\t<section class=\"elementor-section elementor-inner-section elementor-element elementor-element-0f23886 elementor-section-boxed elementor-section-height-default elementor-section-height-default\" data-id=\"0f23886\" data-element_type=\"section\">\n\t\t\t\t\t\t<div class=\"elementor-container elementor-column-gap-default\">\n\t\t\t\t\t<div class=\"elementor-column elementor-col-100 elementor-inner-column elementor-element elementor-element-9c6e879\" data-id=\"9c6e879\" data-element_type=\"column\">\n\t\t\t<div class=\"elementor-widget-wrap elementor-element-populated\">\n\t\t\t\t\t\t<div class=\"elementor-element elementor-element-3bd7dbf elementor-grid-3 elementor-grid-mobile-1 ube-position-top elementor-widget elementor-widget-ube-advanced-image-box\" data-id=\"3bd7dbf\" data-element_type=\"widget\" data-widget_type=\"ube-advanced-image-box.default\">\n\t\t\t\t<div class=\"elementor-widget-container\">\n\t\t\t\t\t<div class=\"elementor-grid ube-advanced-image-box\">\n\t\t\t\t\t\t\t\t\t\t\t<div class=\"elementor-grid-item elementor-repeater-item-cabc41e\">\n\t\t\t\t<div class=\"ube-icon-box-wrapper\">\n\t<div class=\"ube-image-box ube-icon-box\">\n\t\t\t\t\t<div class=\"ube-ib-icon ube-image\">\n\t\t\t\t<span class=\"card-img\"><img decoding=\"async\" width=\"180\" height=\"180\" src=\"https:\/\/bestvillasinsardinia.ch\/wp-content\/uploads\/2021\/04\/image-box-59.jpg\" class=\"attachment-full size-full wp-image-5843\" alt=\"\" srcset=\"https:\/\/bestvillasinsardinia.ch\/wp-content\/uploads\/2021\/04\/image-box-59.jpg 180w, https:\/\/bestvillasinsardinia.ch\/wp-content\/uploads\/2021\/04\/image-box-59-150x150.jpg 150w\" sizes=\"(max-width: 180px) 100vw, 180px\" \/> <\/span>\t\t\t<\/div>\n\t\t\t\t\t\t\t<div class=\"ube-ib-content\">\n\t\t\t\t<h3 class=\"ube-ib-title mb-0\"><span >Exp\u00e9rience consolid\u00e9e<\/span><\/h3>\t\t\t\t\t\t\t\t\t<div class=\"ube-ib-desc mb-0\">Plus de 20 ans d'exp\u00e9rience dans le secteur immobilier sarde, offrant des r\u00e9sultats optimaux dans la recherche de votre villa de r\u00eave.\n\n\n\n\n<\/div>\n\t\t\t\t\t\t\t<\/div>\n\t\t\t<\/div>\n\t<\/div>\n\n\t\t\t<\/div>\n\t\t\t\t\t\t\t\t<div class=\"elementor-grid-item elementor-repeater-item-f38f4fc\">\n\t\t\t\t<div class=\"ube-icon-box-wrapper\">\n\t<div class=\"ube-image-box ube-icon-box\">\n\t\t\t\t\t<div class=\"ube-ib-icon ube-image\">\n\t\t\t\t<span class=\"card-img\"><img decoding=\"async\" width=\"180\" height=\"180\" src=\"https:\/\/bestvillasinsardinia.ch\/wp-content\/uploads\/2021\/04\/image-box-58.jpg\" class=\"attachment-full size-full wp-image-5842\" alt=\"\" srcset=\"https:\/\/bestvillasinsardinia.ch\/wp-content\/uploads\/2021\/04\/image-box-58.jpg 180w, https:\/\/bestvillasinsardinia.ch\/wp-content\/uploads\/2021\/04\/image-box-58-150x150.jpg 150w\" sizes=\"(max-width: 180px) 100vw, 180px\" \/> <\/span>\t\t\t<\/div>\n\t\t\t\t\t\t\t<div class=\"ube-ib-content\">\n\t\t\t\t<h3 class=\"ube-ib-title mb-0\"><span >Service sur mesure<\/span><\/h3>\t\t\t\t\t\t\t\t\t<div class=\"ube-ib-desc mb-0\">Assistance personnalis\u00e9e tout au long du processus d'achat, toujours attentive \u00e0 vos besoins et pr\u00e9f\u00e9rences.\n\n\n\n\n<\/div>\n\t\t\t\t\t\t\t<\/div>\n\t\t\t<\/div>\n\t<\/div>\n\n\t\t\t<\/div>\n\t\t\t\t\t\t\t\t<div class=\"elementor-grid-item elementor-repeater-item-3065203\">\n\t\t\t\t<div class=\"ube-icon-box-wrapper\">\n\t<div class=\"ube-image-box ube-icon-box\">\n\t\t\t\t\t<div class=\"ube-ib-icon ube-image\">\n\t\t\t\t<span class=\"card-img\"><img decoding=\"async\" width=\"180\" height=\"180\" src=\"https:\/\/bestvillasinsardinia.ch\/wp-content\/uploads\/2021\/04\/image-box-57.jpg\" class=\"attachment-full size-full wp-image-5841\" alt=\"\" srcset=\"https:\/\/bestvillasinsardinia.ch\/wp-content\/uploads\/2021\/04\/image-box-57.jpg 180w, https:\/\/bestvillasinsardinia.ch\/wp-content\/uploads\/2021\/04\/image-box-57-150x150.jpg 150w\" sizes=\"(max-width: 180px) 100vw, 180px\" \/> <\/span>\t\t\t<\/div>\n\t\t\t\t\t\t\t<div class=\"ube-ib-content\">\n\t\t\t\t<h3 class=\"ube-ib-title mb-0\"><span >Villas de luxe<\/span><\/h3>\t\t\t\t\t\t\t\t\t<div class=\"ube-ib-desc mb-0\">Design raffin\u00e9, mat\u00e9riaux de haute qualit\u00e9 et emplacement panoramique pour une exp\u00e9rience de vie haut de gamme\n\n\n\n\n<\/div>\n\t\t\t\t\t\t\t<\/div>\n\t\t\t<\/div>\n\t<\/div>\n\n\t\t\t<\/div>\n\t\t\t\t\t\t<\/div>\n\t\t\t\t<\/div>\n\t\t\t\t<\/div>\n\t\t\t\t\t<\/div>\n\t\t<\/div>\n\t\t\t\t\t<\/div>\n\t\t<\/section>\n\t\t\t\t<section class=\"elementor-section elementor-inner-section elementor-element elementor-element-fea97ed elementor-section-boxed elementor-section-height-default elementor-section-height-default\" data-id=\"fea97ed\" data-element_type=\"section\">\n\t\t\t\t\t\t<div class=\"elementor-container elementor-column-gap-default\">\n\t\t\t\t\t<div class=\"elementor-column elementor-col-100 elementor-inner-column elementor-element elementor-element-cf06e49\" data-id=\"cf06e49\" data-element_type=\"column\">\n\t\t\t<div class=\"elementor-widget-wrap elementor-element-populated\">\n\t\t\t\t\t\t<div class=\"elementor-element elementor-element-122dca4 elementor-align-center elementor-widget elementor-widget-ube-heading\" data-id=\"122dca4\" data-element_type=\"widget\" data-widget_type=\"ube-heading.default\">\n\t\t\t\t<div class=\"elementor-widget-container\">\n\t\t\t<div class=\"ube-heading\">\n\t<h6 class=\"ube-heading-sub-title\" >Bienvenue dans les meilleures villas en Sardaigne<\/h6><h2 class=\"ube-heading-title\">Bienvenue dans le monde des propri\u00e9t\u00e9s immobili\u00e8res en Sardaigne !<\/h2><\/div>\t\t<\/div>\n\t\t\t\t<\/div>\n\t\t\t\t<div class=\"elementor-element elementor-element-dc0dc00 elementor-widget elementor-widget-text-editor\" data-id=\"dc0dc00\" data-element_type=\"widget\" data-widget_type=\"text-editor.default\">\n\t\t\t\t<div class=\"elementor-widget-container\">\n\t\t\t<style>\/*! elementor - v3.21.0 - 25-04-2024 *\/\n.elementor-widget-text-editor.elementor-drop-cap-view-stacked .elementor-drop-cap{background-color:#69727d;color:#fff}.elementor-widget-text-editor.elementor-drop-cap-view-framed .elementor-drop-cap{color:#69727d;border:3px solid;background-color:transparent}.elementor-widget-text-editor:not(.elementor-drop-cap-view-default) .elementor-drop-cap{margin-top:8px}.elementor-widget-text-editor:not(.elementor-drop-cap-view-default) .elementor-drop-cap-letter{width:1em;height:1em}.elementor-widget-text-editor .elementor-drop-cap{float:left;text-align:center;line-height:1;font-size:50px}.elementor-widget-text-editor .elementor-drop-cap-letter{display:inline-block}<\/style>\t\t\t\t<div class=\"group w-full text-gray-800 dark:text-gray-100 border-b border-black\/10 dark:border-gray-900\/50 bg-gray-50 dark:bg-[#444654]\"><div class=\"flex p-4 gap-4 text-base md:gap-6 md:max-w-2xl lg:max-w-xl xl:max-w-3xl md:py-6 lg:px-0 m-auto\"><div class=\"relative flex w-[calc(100%-50px)] flex-col gap-1 md:gap-3 lg:w-[calc(100%-115px)]\"><div class=\"flex flex-grow flex-col gap-3\"><div class=\"min-h-[20px] flex flex-col items-start gap-4 whitespace-pre-wrap break-words\"><div class=\"markdown prose w-full break-words dark:prose-invert light\"><p>Je m'appelle Marco Pola et je suis agent immobilier sp\u00e9cialis\u00e9 dans la vente de villas sur cette magnifique \u00eele m\u00e9diterran\u00e9enne. La Sardaigne est c\u00e9l\u00e8bre pour ses plages immacul\u00e9es, ses eaux cristallines et ses paysages \u00e0 couper le souffle. Actuellement, je m'occupe de la vente de villas \u00e0 Isola Rossa, une destination touristique pris\u00e9e situ\u00e9e dans le nord de la Sardaigne. Fort de plus de 20 ans d'exp\u00e9rience dans le secteur, j'ai acquis une connaissance approfondie que j'utilise pleinement pour assurer la satisfaction de mes clients. Ma compr\u00e9hension du march\u00e9 immobilier local et ma capacit\u00e9 \u00e0 comprendre les besoins des clients font de moi un partenaire fiable dans la recherche de la maison parfaite en Sardaigne.<\/p><\/div><\/div><\/div><\/div><\/div><\/div>\t\t\t\t\t\t<\/div>\n\t\t\t\t<\/div>\n\t\t\t\t\t<\/div>\n\t\t<\/div>\n\t\t\t\t\t<\/div>\n\t\t<\/section>\n\t\t\t\t\t<\/div>\n\t\t<\/div>\n\t\t\t\t\t<\/div>\n\t\t<\/section>\n\t\t\t\t<section class=\"elementor-section elementor-top-section elementor-element elementor-element-9ac822c elementor-section-boxed elementor-section-height-default elementor-section-height-default\" data-id=\"9ac822c\" data-element_type=\"section\" data-settings=\"{&quot;background_background&quot;:&quot;classic&quot;}\">\n\t\t\t\t\t\t<div class=\"elementor-container elementor-column-gap-default\">\n\t\t\t\t\t<div class=\"elementor-column elementor-col-100 elementor-top-column elementor-element elementor-element-d342ece\" data-id=\"d342ece\" data-element_type=\"column\">\n\t\t\t<div class=\"elementor-widget-wrap elementor-element-populated\">\n\t\t\t\t\t\t<div class=\"elementor-element elementor-element-c2e4831 elementor-align-center elementor-widget elementor-widget-ube-heading\" data-id=\"c2e4831\" data-element_type=\"widget\" data-widget_type=\"ube-heading.default\">\n\t\t\t\t<div class=\"elementor-widget-container\">\n\t\t\t<div class=\"ube-heading\">\n\t<h2 class=\"ube-heading-title\">Fiabilit\u00e9 et professionnalisme\n\n\n\n\n<\/h2><\/div>\t\t<\/div>\n\t\t\t\t<\/div>\n\t\t\t\t<div class=\"elementor-element elementor-element-f1f95dc elementor-widget elementor-widget-text-editor\" data-id=\"f1f95dc\" data-element_type=\"widget\" data-widget_type=\"text-editor.default\">\n\t\t\t\t<div class=\"elementor-widget-container\">\n\t\t\t\t\t\t\t<div class=\"group w-full text-gray-800 dark:text-gray-100 border-b border-black\/10 dark:border-gray-900\/50 bg-gray-50 dark:bg-[#444654]\"><div class=\"flex p-4 gap-4 text-base md:gap-6 md:max-w-2xl lg:max-w-xl xl:max-w-3xl md:py-6 lg:px-0 m-auto\"><div class=\"relative flex w-[calc(100%-50px)] flex-col gap-1 md:gap-3 lg:w-[calc(100%-115px)]\"><div class=\"flex flex-grow flex-col gap-3\"><div class=\"min-h-[20px] flex flex-col items-start gap-4 whitespace-pre-wrap break-words\"><div class=\"markdown prose w-full break-words dark:prose-invert light\"><p>Je propose un service personnalis\u00e9 et hautement professionnel qui me permet d'accompagner les clients, tant nationaux qu'internationaux, \u00e0 chaque \u00e9tape du processus d'achat immobilier, de la premi\u00e8re visite \u00e0 la signature de l'acte de vente. Je suis fier de pr\u00e9senter la vente de ces villas \u00e0 Isola Rossa, en Sardaigne, et de fournir un service de haute qualit\u00e9 \u00e0 mes clients. Je suis disponible pour r\u00e9pondre \u00e0 toutes les questions ou pour organiser des visites de biens. N'h\u00e9sitez pas \u00e0 nous contacter pour d\u00e9couvrir votre villa de r\u00eave en Sardaigne.<\/p><\/div><\/div><\/div><\/div><\/div><\/div>\t\t\t\t\t\t<\/div>\n\t\t\t\t<\/div>\n\t\t\t\t<div class=\"elementor-element elementor-element-4e1466f elementor-align-center elementor-widget elementor-widget-ube-button\" data-id=\"4e1466f\" data-element_type=\"widget\" data-widget_type=\"ube-button.default\">\n\t\t\t\t<div class=\"elementor-widget-container\">\n\t\t\t<a class=\"ube-btn btn btn-md btn-square btn-accent\" href=\"https:\/\/bestvillasinsardinia.ch\/fr\/contact-us\/\">\n\t\t<span class=\"ube-btn-text\">Contactez-moi<\/span>\n\t<\/a>\n\n\n\t\t<\/div>\n\t\t\t\t<\/div>\n\t\t\t\t<div class=\"elementor-element elementor-element-efb504a position-relative  z-index-1 elementor-widget elementor-widget-ube-gallery-metro\" data-id=\"efb504a\" data-element_type=\"widget\" data-widget_type=\"ube-gallery-metro.default\">\n\t\t\t\t<div class=\"elementor-widget-container\">\n\t\t\t<div class=\"ube-gallery ube-gallery-metro ube-list-grid ube-gallery-caption-none\">\n\t\n            <div class=\"ube-grid-item gc-md-4 gc-8 gr-md-4 gr-8\">\n                <a class=\"card\" href=\"https:\/\/bestvillasinsardinia.ch\/wp-content\/uploads\/2023\/05\/5.jpg\"\n                   data-elementor-lightbox-slideshow=\"efb504a\">\n\t                <div class=\"card-img ube-gallery-ration-custom\" style=\"background-image: url(https:\/\/bestvillasinsardinia.ch\/wp-content\/uploads\/2023\/05\/5.jpg);--ube-gallery-ratio: 54.545454545455%;--ube-gallery-ratio-md: 54.545454545455%;--ube-gallery-ratio-sm: 54.545454545455%\"><\/div>\n                    <div class=\"card-img-overlay\">\n\t\t\t\t\t\t\t\t\t\t\t\t\n                    <\/div>\n                <\/a>\n            <\/div>\n\t\t\n            <div class=\"ube-grid-item gc-md-2 gc-4 gr-md-4 gr-8\">\n                <a class=\"card\" href=\"https:\/\/bestvillasinsardinia.ch\/wp-content\/uploads\/2023\/05\/4.jpg\"\n                   data-elementor-lightbox-slideshow=\"efb504a\">\n\t                <div class=\"card-img ube-gallery-ration-custom\" style=\"background-image: url(https:\/\/bestvillasinsardinia.ch\/wp-content\/uploads\/2023\/05\/4.jpg);--ube-gallery-ratio: 109.09090909091%;--ube-gallery-ratio-md: 109.09090909091%;--ube-gallery-ratio-sm: 54.545454545455%\"><\/div>\n                    <div class=\"card-img-overlay\">\n\t\t\t\t\t\t\t\t\t\t\t\t\n                    <\/div>\n                <\/a>\n            <\/div>\n\t\t\n            <div class=\"ube-grid-item gc-md-3 gc-6 gr-md-3 gr-7\">\n                <a class=\"card\" href=\"https:\/\/bestvillasinsardinia.ch\/wp-content\/uploads\/2023\/05\/2.jpg\"\n                   data-elementor-lightbox-slideshow=\"efb504a\">\n\t                <div class=\"card-img ube-gallery-ration-custom\" style=\"background-image: url(https:\/\/bestvillasinsardinia.ch\/wp-content\/uploads\/2023\/05\/2.jpg);--ube-gallery-ratio: 63.636363636364%;--ube-gallery-ratio-md: 54.545454545455%;--ube-gallery-ratio-sm: 54.545454545455%\"><\/div>\n                    <div class=\"card-img-overlay\">\n\t\t\t\t\t\t\t\t\t\t\t\t\n                    <\/div>\n                <\/a>\n            <\/div>\n\t\t\n            <div class=\"ube-grid-item gc-md-3 gc-6 gr-md-3 gr-7\">\n                <a class=\"card\" href=\"https:\/\/bestvillasinsardinia.ch\/wp-content\/uploads\/2023\/05\/1.jpg\"\n                   data-elementor-lightbox-slideshow=\"efb504a\">\n\t                <div class=\"card-img ube-gallery-ration-custom\" style=\"background-image: url(https:\/\/bestvillasinsardinia.ch\/wp-content\/uploads\/2023\/05\/1.jpg);--ube-gallery-ratio: 63.636363636364%;--ube-gallery-ratio-md: 54.545454545455%;--ube-gallery-ratio-sm: 54.545454545455%\"><\/div>\n                    <div class=\"card-img-overlay\">\n\t\t\t\t\t\t\t\t\t\t\t\t\n                    <\/div>\n                <\/a>\n            <\/div>\n\t\t<\/div>\n\t\t<\/div>\n\t\t\t\t<\/div>\n\t\t\t\t\t<\/div>\n\t\t<\/div>\n\t\t\t\t\t<\/div>\n\t\t<\/section>\n\t\t\t\t<section class=\"elementor-section elementor-top-section elementor-element elementor-element-bf1865c elementor-section-full_width elementor-section-height-default elementor-section-height-default\" data-id=\"bf1865c\" data-element_type=\"section\">\n\t\t\t\t\t\t<div class=\"elementor-container elementor-column-gap-no\">\n\t\t\t\t\t<div class=\"elementor-column elementor-col-100 elementor-top-column elementor-element elementor-element-491c729\" data-id=\"491c729\" data-element_type=\"column\">\n\t\t\t<div class=\"elementor-widget-wrap elementor-element-populated\">\n\t\t\t\t\t\t<div class=\"elementor-element elementor-element-582f035 elementor-widget elementor-widget-ube-google-map\" data-id=\"582f035\" data-element_type=\"widget\" data-widget_type=\"ube-google-map.default\">\n\t\t\t\t<div class=\"elementor-widget-container\">\n\t\t\t<div class=\"ube-google-map\" id=\"ube-google-map-582f035\" data-id=\"582f035\" data-mapmarkers=\"[{&quot;latitude&quot;:&quot;40.723683&quot;,&quot;longitude&quot;:&quot;8.5650217&quot;,&quot;baloon_text&quot;:&quot;&quot;,&quot;icon&quot;:&quot;https:\\\/\\\/bestvillasinsardinia.ch\\\/wp-content\\\/uploads\\\/2021\\\/03\\\/google-market-02.png&quot;},{&quot;latitude&quot;:&quot;40.9374898&quot;,&quot;longitude&quot;:&quot; 9.4923033&quot;,&quot;baloon_text&quot;:&quot;&quot;,&quot;icon&quot;:&quot;https:\\\/\\\/bestvillasinsardinia.ch\\\/wp-content\\\/uploads\\\/2021\\\/03\\\/google-market-02.png&quot;},{&quot;latitude&quot;:&quot;40.8979817&quot;,&quot;longitude&quot;:&quot;9.1010896&quot;,&quot;baloon_text&quot;:&quot;&quot;,&quot;icon&quot;:&quot;https:\\\/\\\/bestvillasinsardinia.ch\\\/wp-content\\\/uploads\\\/2021\\\/03\\\/google-market-02.png&quot;}]\" data-mapoptions=\"{&quot;mapTypeId&quot;:&quot;roadmap&quot;,&quot;center&quot;:&quot;Oschiri Sardegna&quot;,&quot;mapTypeControl&quot;:true,&quot;zoomControl&quot;:true,&quot;zoom&quot;:9,&quot;streetViewControl&quot;:false,&quot;fullscreenControl&quot;:true,&quot;draggable&quot;:true,&quot;scaleControl&quot;:true}\" data-mapstyle=\"\" >&nbsp;<\/div>\t\t<\/div>\n\t\t\t\t<\/div>\n\t\t\t\t<section class=\"elementor-section elementor-inner-section elementor-element elementor-element-c01693a el-section-static elementor-section-boxed elementor-section-height-default elementor-section-height-default\" data-id=\"c01693a\" data-element_type=\"section\">\n\t\t\t\t\t\t<div class=\"elementor-container elementor-column-gap-default\">\n\t\t\t\t\t<div class=\"elementor-column elementor-col-100 elementor-inner-column elementor-element elementor-element-697bffe\" data-id=\"697bffe\" data-element_type=\"column\">\n\t\t\t<div class=\"elementor-widget-wrap elementor-element-populated\">\n\t\t\t\t\t\t<div class=\"elementor-element elementor-element-492bb5c el-text-on-map-02 elementor-widget elementor-widget-text-editor\" data-id=\"492bb5c\" data-element_type=\"widget\" data-widget_type=\"text-editor.default\">\n\t\t\t\t<div class=\"elementor-widget-container\">\n\t\t\t\t\t\t\t<h4>Si\u00e8ge social<\/h4><p>Olbia &#8211; Via Veronese 95<br \/>Sassari &#8211; Via Mazzini 15<br \/>Tempio Pausania \u2013 Via Angioy 15\/A<\/p><h5>Contact:<\/h5><p class=\"mb-0\">Cell. <strong><a href=\"tel: 39 351 8484565\">+39 351 8484565<\/a><br \/><\/strong>Tel.<strong> <a href=\"tel: 390794805359\">+39 079 480 5359<\/a><br \/><\/strong><\/p>\t\t\t\t\t\t<\/div>\n\t\t\t\t<\/div>\n\t\t\t\t\t<\/div>\n\t\t<\/div>\n\t\t\t\t\t<\/div>\n\t\t<\/section>\n\t\t\t\t\t<\/div>\n\t\t<\/div>\n\t\t\t\t\t<\/div>\n\t\t<\/section>\n\t\t\t\t<\/div>","protected":false},"excerpt":{"rendered":"<p>About me Consolidated Experience Over 20 years in the Sardinian real estate sector, delivering optimal results in finding your dream villa. Tailor-made service Personalized assistance throughout the purchasing process, always attentive to your needs and preferences. Luxury villas Refined design, high-quality materials, and panoramic location for a premium living experience. Welcome to Best Villas in [&hellip;]<\/p>","protected":false},"author":1,"featured_media":0,"parent":0,"menu_order":0,"comment_status":"closed","ping_status":"closed","template":"elementor_header_footer","meta":{"footnotes":""},"class_list":["post-3615","page","type-page","status-publish","hentry"],"_links":{"self":[{"href":"http:\/\/bestvillasinsardinia.ch\/fr\/wp-json\/wp\/v2\/pages\/3615","targetHints":{"allow":["GET"]}}],"collection":[{"href":"http:\/\/bestvillasinsardinia.ch\/fr\/wp-json\/wp\/v2\/pages"}],"about":[{"href":"http:\/\/bestvillasinsardinia.ch\/fr\/wp-json\/wp\/v2\/types\/page"}],"author":[{"embeddable":true,"href":"http:\/\/bestvillasinsardinia.ch\/fr\/wp-json\/wp\/v2\/users\/1"}],"replies":[{"embeddable":true,"href":"http:\/\/bestvillasinsardinia.ch\/fr\/wp-json\/wp\/v2\/comments?post=3615"}],"version-history":[{"count":74,"href":"http:\/\/bestvillasinsardinia.ch\/fr\/wp-json\/wp\/v2\/pages\/3615\/revisions"}],"predecessor-version":[{"id":7172,"href":"http:\/\/bestvillasinsardinia.ch\/fr\/wp-json\/wp\/v2\/pages\/3615\/revisions\/7172"}],"wp:attachment":[{"href":"http:\/\/bestvillasinsardinia.ch\/fr\/wp-json\/wp\/v2\/media?parent=3615"}],"curies":[{"name":"wp","href":"https:\/\/api.w.org\/{rel}","templated":true}]}}